{"id":2797,"date":"2021-01-28T07:39:06","date_gmt":"2021-01-28T07:39:06","guid":{"rendered":"http:\/\/coroana.happy-media.eu\/?page_id=2797"},"modified":"2021-01-28T07:41:58","modified_gmt":"2021-01-28T07:41:58","slug":"pagina-de-multumire","status":"publish","type":"page","link":"https:\/\/www.hotelcoroana.ro\/eng\/pagina-de-multumire\/","title":{"rendered":"Pagina de multumire"},"content":{"rendered":"<div data-elementor-type=\"wp-page\" data-elementor-id=\"2797\" data-post-id=\"2797\" data-obj-id=\"2797\" class=\"elementor elementor-2797 dce-elementor-post-2797\" data-elementor-settings=\"[]\">\n\t\t\t\t\t\t<div class=\"elementor-inner\">\n\t\t\t\t\t\t\t<div class=\"elementor-section-wrap\">\n\t\t\t\t\t\t\t<section data-dce-background-image-url=\"https:\/\/www.hotelcoroana.ro\/wp-content\/uploads\/2021\/01\/thank-you-page-hotel-restaurant.png\" class=\"elementor-section elementor-top-section elementor-element elementor-element-90d4224 elementor-section-height-min-height elementor-section-boxed elementor-section-height-default elementor-section-items-middle\" data-id=\"90d4224\" data-element_type=\"section\" data-settings=\"{&quot;background_background&quot;:&quot;classic&quot;}\">\n\t\t\t\t\t\t<div class=\"elementor-container elementor-column-gap-default\">\n\t\t\t\t\t\t\t<div class=\"elementor-row\">\n\t\t\t\t\t<div class=\"elementor-column elementor-col-100 elementor-top-column elementor-element elementor-element-a4c67e6\" data-id=\"a4c67e6\" data-element_type=\"column\">\n\t\t\t<div class=\"elementor-column-wrap elementor-element-populated\">\n\t\t\t\t\t\t\t<div class=\"elementor-widget-wrap\">\n\t\t\t\t\t\t<div class=\"elementor-element elementor-element-03a76e1 elementor-widget elementor-widget-heading\" data-id=\"03a76e1\" data-element_type=\"widget\" data-widget_type=\"heading.default\">\n\t\t\t\t<div class=\"elementor-widget-container\">\n\t\t\t<h2 class=\"elementor-heading-title elementor-size-default\">The request has been sent!<\/h2>\t\t<\/div>\n\t\t\t\t<\/div>\n\t\t\t\t<div class=\"elementor-element elementor-element-a8f8348 elementor-widget elementor-widget-heading\" data-id=\"a8f8348\" data-element_type=\"widget\" data-widget_type=\"heading.default\">\n\t\t\t\t<div class=\"elementor-widget-container\">\n\t\t\t<h2 class=\"elementor-heading-title elementor-size-default\">We will contact you as soon as possible!<\/h2>\t\t<\/div>\n\t\t\t\t<\/div>\n\t\t\t\t\t\t<\/div>\n\t\t\t\t\t<\/div>\n\t\t<\/div>\n\t\t\t\t\t\t\t\t<\/div>\n\t\t\t\t\t<\/div>\n\t\t<\/section>\n\t\t\t\t\t\t<\/div>\n\t\t\t\t\t\t<\/div>\n\t\t\t\t\t<\/div>","protected":false},"excerpt":{"rendered":"<p>Cererea a fost trimis\u0103! V\u0103 vom contacta \u00een cel mai scurt timp!<\/p>","protected":false},"author":1,"featured_media":0,"parent":0,"menu_order":0,"comment_status":"closed","ping_status":"closed","template":"elementor_canvas","meta":[],"_links":{"self":[{"href":"https:\/\/www.hotelcoroana.ro\/eng\/wp-json\/wp\/v2\/pages\/2797"}],"collection":[{"href":"https:\/\/www.hotelcoroana.ro\/eng\/wp-json\/wp\/v2\/pages"}],"about":[{"href":"https:\/\/www.hotelcoroana.ro\/eng\/wp-json\/wp\/v2\/types\/page"}],"author":[{"embeddable":true,"href":"https:\/\/www.hotelcoroana.ro\/eng\/wp-json\/wp\/v2\/users\/1"}],"replies":[{"embeddable":true,"href":"https:\/\/www.hotelcoroana.ro\/eng\/wp-json\/wp\/v2\/comments?post=2797"}],"version-history":[{"count":0,"href":"https:\/\/www.hotelcoroana.ro\/eng\/wp-json\/wp\/v2\/pages\/2797\/revisions"}],"wp:attachment":[{"href":"https:\/\/www.hotelcoroana.ro\/eng\/wp-json\/wp\/v2\/media?parent=2797"}],"curies":[{"name":"wp","href":"https:\/\/api.w.org\/{rel}","templated":true}]}}