{"id":3323,"date":"2021-02-03T12:27:10","date_gmt":"2021-02-03T12:27:10","guid":{"rendered":"http:\/\/coroana.happy-media.eu\/?page_id=3323"},"modified":"2021-02-10T11:58:55","modified_gmt":"2021-02-10T11:58:55","slug":"politica-de-confidentialitate","status":"publish","type":"page","link":"https:\/\/www.hotelcoroana.ro\/eng\/politica-de-confidentialitate\/","title":{"rendered":"Politica de confiden\u021bialitate"},"content":{"rendered":"<div data-elementor-type=\"wp-page\" data-elementor-id=\"3323\" data-post-id=\"3323\" data-obj-id=\"3323\" class=\"elementor elementor-3323 dce-elementor-post-3323\" data-elementor-settings=\"[]\">\n\t\t\t\t\t\t<div class=\"elementor-inner\">\n\t\t\t\t\t\t\t<div class=\"elementor-section-wrap\">\n\t\t\t\t\t\t\t<section class=\"elementor-section elementor-top-section elementor-element elementor-element-77f4dbe elementor-section-full_width elementor-section-height-default elementor-section-height-default\" data-id=\"77f4dbe\" data-element_type=\"section\">\n\t\t\t\t\t\t<div class=\"elementor-container elementor-column-gap-default\">\n\t\t\t\t\t\t\t<div class=\"elementor-row\">\n\t\t\t\t\t<div class=\"elementor-column elementor-col-100 elementor-top-column elementor-element elementor-element-8ed9282\" data-id=\"8ed9282\" data-element_type=\"column\">\n\t\t\t<div class=\"elementor-column-wrap elementor-element-populated\">\n\t\t\t\t\t\t\t<div class=\"elementor-widget-wrap\">\n\t\t\t\t\t\t<div class=\"elementor-element elementor-element-1ad3db4 elementor-widget elementor-widget-template\" data-id=\"1ad3db4\" data-element_type=\"widget\" data-widget_type=\"template.default\">\n\t\t\t\t<div class=\"elementor-widget-container\">\n\t\t\t\t\t<div class=\"elementor-template\">\n\t\t\t\t\t<div data-elementor-type=\"page\" data-elementor-id=\"3306\" data-post-id=\"3323\" data-obj-id=\"3323\" class=\"elementor elementor-3306 dce-elementor-post-3323\" data-elementor-settings=\"[]\">\n\t\t\t\t\t\t<div class=\"elementor-inner\">\n\t\t\t\t\t\t\t<div class=\"elementor-section-wrap\">\n\t\t\t\t\t\t\t<section data-dce-background-color=\"#112436\" data-dce-background-image-url=\"https:\/\/www.hotelcoroana.ro\/wp-content\/uploads\/2021\/02\/Vector-Smart-Object.png\" class=\"elementor-section elementor-top-section elementor-element elementor-element-6b7e1d93 elementor-section-content-middle elementor-section-boxed elementor-section-height-default elementor-section-height-default\" data-id=\"6b7e1d93\" data-element_type=\"section\" data-settings=\"{&quot;background_background&quot;:&quot;classic&quot;}\">\n\t\t\t\t\t\t<div class=\"elementor-container elementor-column-gap-default\">\n\t\t\t\t\t\t\t<div class=\"elementor-row\">\n\t\t\t\t\t<div class=\"elementor-column elementor-col-100 elementor-top-column elementor-element elementor-element-78cb9cdd\" data-id=\"78cb9cdd\" data-element_type=\"column\">\n\t\t\t<div class=\"elementor-column-wrap elementor-element-populated\">\n\t\t\t\t\t\t\t<div class=\"elementor-widget-wrap\">\n\t\t\t\t\t\t<div class=\"elementor-element elementor-element-47a98c7b dce_masking-none elementor-widget elementor-widget-image\" data-id=\"47a98c7b\" data-element_type=\"widget\" data-widget_type=\"image.default\">\n\t\t\t\t<div class=\"elementor-widget-container\">\n\t\t\t\t\t\t\t\t<div class=\"elementor-image\">\n\t\t\t\t\t\t\t\t\t\t\t\t<img width=\"156\" height=\"78\" src=\"https:\/\/www.hotelcoroana.ro\/wp-content\/uploads\/2020\/12\/logo-footer.png\" class=\"attachment-large size-large\" alt=\"\" loading=\"lazy\" \/>\t\t\t\t\t\t\t\t\t\t\t\t\t\t<\/div>\n\t\t\t\t\t\t<\/div>\n\t\t\t\t<\/div>\n\t\t\t\t<div class=\"elementor-element elementor-element-72535b01 elementor-widget elementor-widget-heading\" data-id=\"72535b01\" data-element_type=\"widget\" data-widget_type=\"heading.default\">\n\t\t\t\t<div class=\"elementor-widget-container\">\n\t\t\t<h2 class=\"elementor-heading-title elementor-size-default\">Privacy policy<\/h2>\t\t<\/div>\n\t\t\t\t<\/div>\n\t\t\t\t<div class=\"elementor-element elementor-element-686e4443 elementor-widget elementor-widget-heading\" data-id=\"686e4443\" data-element_type=\"widget\" data-widget_type=\"heading.default\">\n\t\t\t\t<div class=\"elementor-widget-container\">\n\t\t\t<h2 class=\"elementor-heading-title elementor-size-default\">Politica de confiden\u021bialitate v\u0103 este pus\u0103 la dispozi\u021bie la \u00eenceputul interac\u021biunii cu noi, prin intermediul site-ului web. Datele au fost colectate de <a href=\"\/eng\/www.hotelcoroanaiasi.ro>www.hotelcoroanaiasi.ro<\/a>.<\/h2>__<\/div>____<\/div>____<div class=\/\"elementor-element elementor-element-52d2aaf elementor-widget elementor-widget-heading\" data-id=\"52d2aaf\" data-element_type=\"widget\" data-widget_type=\"heading.default\">\n\t\t\t\t<div class=\"elementor-widget-container\">\n\t\t\t<h2 class=\"elementor-heading-title elementor-size-default\"><a href=\"\/eng\/www.hotelcoroanaiasi.ro\/\">www.hotelcoroanaiasi.ro<\/a> colecteaz\u0103 informa\u021biile dumneavoastr\u0103 personale (numele complet, num\u0103rul de telefon, adresa de e-mail, sexul, IP-ul \u0219i preferin\u021bele de limb\u0103 ale browserului pe care \u00eel folosi\u021bi) atunci c\u00e2nd ne contacta\u021bi prin formularul de contact, telefonic sau prin e-mail. Informa\u021biile pe care ni le furniza\u021bi pot include numele, adresa, adresa de e-mail \u0219i num\u0103rul de telefon, sexul, precum \u0219i alte informa\u021bii, dup\u0103 caz.<\/h2>\t\t<\/div>\n\t\t\t\t<\/div>\n\t\t\t\t<div class=\"elementor-element elementor-element-745f272a elementor-widget elementor-widget-heading\" data-id=\"745f272a\" data-element_type=\"widget\" data-widget_type=\"heading.default\">\n\t\t\t\t<div class=\"elementor-widget-container\">\n\t\t\t<h2 class=\"elementor-heading-title elementor-size-default\">We will not collect, nor process sensitive personal data related to you, such as information about ethnic or racial origin, religious confession, political opinions, philosophical beliefs, sexual life\/orientation or health), unless we are required to do so by law and\/or you provide with your explicit consent separately. If you voluntarily provide us with personal data (including sensitive personal data) through your interaction with our website or by direct correspondence with us by phone, email or other ways, of your own free will and not at our request, we will delete the data from our systems unless we consider that their processing is necessary for a legitimate purpose of <a href=\"\/eng\/www.hotelcoroanaiasi.ro\/\">www.hotelcoroanaiasi.ro<\/a> .<\/h2>\t\t<\/div>\n\t\t\t\t<\/div>\n\t\t\t\t<div class=\"elementor-element elementor-element-3ed0b685 elementor-widget elementor-widget-heading\" data-id=\"3ed0b685\" data-element_type=\"widget\" data-widget_type=\"heading.default\">\n\t\t\t\t<div class=\"elementor-widget-container\">\n\t\t\t<h2 class=\"elementor-heading-title elementor-size-default\">We inform you that every time you visit our website, we will automatically collect the following data:<\/h2>\t\t<\/div>\n\t\t\t\t<\/div>\n\t\t\t\t<div class=\"elementor-element elementor-element-3981fd1f elementor-widget elementor-widget-heading\" data-id=\"3981fd1f\" data-element_type=\"widget\" data-widget_type=\"heading.default\">\n\t\t\t\t<div class=\"elementor-widget-container\">\n\t\t\t<h2 class=\"elementor-heading-title elementor-size-default\">1.\tTechnical data, which may include: Internet Protocol Address (IP), used to connect your computer to the Internet, browser type and version, login information, types and versions of browser extensions (plug-in), time zone setting, operating system and platform, type and brand of mobile device. This data may only be collected and processed with your consent through third-party cookies. Additional information about this topic can be found in the section: Cookies Policy.<\/h2>\t\t<\/div>\n\t\t\t\t<\/div>\n\t\t\t\t<div class=\"elementor-element elementor-element-2a0b9f92 elementor-widget elementor-widget-heading\" data-id=\"2a0b9f92\" data-element_type=\"widget\" data-widget_type=\"heading.default\">\n\t\t\t\t<div class=\"elementor-widget-container\">\n\t\t\t<h2 class=\"elementor-heading-title elementor-size-default\">2.\tData about your visit, which may include: the full path to the resource accessed (URL), the information or products you have searched for or viewed (including top articles read, top categories accessed), the sequence of clicks to, through and from our website (including date and time), page response times, download errors, duration of visits to certain pages (including average time spent on certain pages , viewing certain content), the average time spent in an app and the number of views in such apps, the average number of articles viewed on our website, information on page interaction (such as scrolling, clicks and mouse crossings), methods used to navigate the page, user behavior data and any phone number used to call or any email address used to contact our customer service department representatives.\n<\/h2>\t\t<\/div>\n\t\t\t\t<\/div>\n\t\t\t\t<div class=\"elementor-element elementor-element-74389e5d elementor-widget elementor-widget-heading\" data-id=\"74389e5d\" data-element_type=\"widget\" data-widget_type=\"heading.default\">\n\t\t\t\t<div class=\"elementor-widget-container\">\n\t\t\t<h2 class=\"elementor-heading-title elementor-size-default\">The purpose of collecting data<\/h2>\t\t<\/div>\n\t\t\t\t<\/div>\n\t\t\t\t<div class=\"elementor-element elementor-element-d0576d4 elementor-widget elementor-widget-heading\" data-id=\"d0576d4\" data-element_type=\"widget\" data-widget_type=\"heading.default\">\n\t\t\t\t<div class=\"elementor-widget-container\">\n\t\t\t<h2 class=\"elementor-heading-title elementor-size-default\"><a href=\"\/eng\/www.hotelcoroanaiasi.ro\/\">www.hotelcoroanaiasi.ro<\/a> collects personal data on the website page, only with the voluntary agreement of the client, and the purposes are the following: Solving problems of any kind, which relate to the appointments made and those that have been cancelled, contacting the customer, at his voluntary request or in matters of customer relations. Thus, www.hotelcoroanaiasi.ro is allowed to process personal data (identification and contact data) with a view to providing services and payment under the relevant contracts, including purchased subscriptions.<\/h2>\t\t<\/div>\n\t\t\t\t<\/div>\n\t\t\t\t<div class=\"elementor-element elementor-element-1a568c94 elementor-widget elementor-widget-heading\" data-id=\"1a568c94\" data-element_type=\"widget\" data-widget_type=\"heading.default\">\n\t\t\t\t<div class=\"elementor-widget-container\">\n\t\t\t<h2 class=\"elementor-heading-title elementor-size-default\">We may also process your personal data so that we can provide you with the necessary information about services or goods that we believe you are interested in. If you are already a customer of our salon, we will only contact you via email, as we have information about you in the database, following services that have been the subject of a previous sale or negotiation for sale, unless you have opted for another method of contact. And if you are a new customer, we will only contact you electronically if we have your prior consent.<\/h2>\t\t<\/div>\n\t\t\t\t<\/div>\n\t\t\t\t<div class=\"elementor-element elementor-element-2eab75e1 elementor-widget elementor-widget-heading\" data-id=\"2eab75e1\" data-element_type=\"widget\" data-widget_type=\"heading.default\">\n\t\t\t\t<div class=\"elementor-widget-container\">\n\t\t\t<h2 class=\"elementor-heading-title elementor-size-default\">You may also not use your personal data in this way, but you must check the box in the registration form relating to the collection of personal data. We may also use your personal data to understand your preferred content and provide content relevant to you: to allow you to participate in the interactive features of our service when you choose to do so; to measure or understand the effectiveness of the advertising you provide; to make suggestions and recommendations about services or products that might interest you.<\/h2>\t\t<\/div>\n\t\t\t\t<\/div>\n\t\t\t\t<div class=\"elementor-element elementor-element-2ead319c elementor-widget elementor-widget-heading\" data-id=\"2ead319c\" data-element_type=\"widget\" data-widget_type=\"heading.default\">\n\t\t\t\t<div class=\"elementor-widget-container\">\n\t\t\t<h2 class=\"elementor-heading-title elementor-size-default\">Communication<\/h2>\t\t<\/div>\n\t\t\t\t<\/div>\n\t\t\t\t<div class=\"elementor-element elementor-element-3ddd130c elementor-widget elementor-widget-heading\" data-id=\"3ddd130c\" data-element_type=\"widget\" data-widget_type=\"heading.default\">\n\t\t\t\t<div class=\"elementor-widget-container\">\n\t\t\t<h2 class=\"elementor-heading-title elementor-size-default\">With your consent, we may send you newsletters, regular alerts, article recommendations, administrative or technical messages related to the services and products we offer, via phone call and\/or e-mail. They are part of the marketing messages category, which you choose whether you want to receive them or not.\n<\/h2>\t\t<\/div>\n\t\t\t\t<\/div>\n\t\t\t\t<div class=\"elementor-element elementor-element-14b1ba3a elementor-widget elementor-widget-heading\" data-id=\"14b1ba3a\" data-element_type=\"widget\" data-widget_type=\"heading.default\">\n\t\t\t\t<div class=\"elementor-widget-container\">\n\t\t\t<h2 class=\"elementor-heading-title elementor-size-default\">Security<\/h2>\t\t<\/div>\n\t\t\t\t<\/div>\n\t\t\t\t<div class=\"elementor-element elementor-element-ce104a4 elementor-widget elementor-widget-heading\" data-id=\"ce104a4\" data-element_type=\"widget\" data-widget_type=\"heading.default\">\n\t\t\t\t<div class=\"elementor-widget-container\">\n\t\t\t<h2 class=\"elementor-heading-title elementor-size-default\">Datele dumneavoastr\u0103, privind adresa IP \u0219i istoricul de conectare, vor putea fi folosite din motive de securitate, menite s\u0103 monitorizeze \u0219i, implicit, s\u0103 previn\u0103 eventualele \u00eenc\u0103lc\u0103ri \u0219i\/sau fraude ale Acordului de utilizare ori a Politicii de confiden\u021bialitate, care ar putea s\u0103 \u00eei afecteze \u0219i pe ceilal\u021bi vizitatori\/clien\u021bi de-ai no\u0219tri.www.hotelcoroanaiasi.ro v\u0103 asigur\u0103 c\u0103 nu va distribui nici una din informa\u021biile personale pe care le-a\u021bi furnizat c\u0103tre agen\u021bii sau agen\u021bi de publicitate.<br>\nEle vor fi p\u0103strare \u00een condi\u021bii de siguran\u021b\u0103 \u0219i folosite doar \u00een scopurile enumerate mai sus. Chiar dac\u0103 sunte\u021bi client sau doar vizitator, v\u0103 oferim dreptul de a modifica sau \u0219terge datele pe care ni le-a\u021bi oferit. \u0218tergerea sau modificarea datelor \u00een timp ce apela\u021bi la serviciile noastre pot afecta modul \u00een care oferim aceste servicii ori chiar \u00eencetarea lor.\n<\/h2>\t\t<\/div>\n\t\t\t\t<\/div>\n\t\t\t\t\t\t<\/div>\n\t\t\t\t\t<\/div>\n\t\t<\/div>\n\t\t\t\t\t\t\t\t<\/div>\n\t\t\t\t\t<\/div>\n\t\t<\/section>\n\t\t\t\t\t\t<\/div>\n\t\t\t\t\t\t<\/div>\n\t\t\t\t\t<\/div>\n\t\t\t\t<\/div>\n\t\t\t\t<\/div>\n\t\t\t\t<\/div>\n\t\t\t\t\t\t<\/div>\n\t\t\t\t\t<\/div>\n\t\t<\/div>\n\t\t\t\t\t\t\t\t<\/div>\n\t\t\t\t\t<\/div>\n\t\t<\/section>\n\t\t\t\t\t\t<\/div>\n\t\t\t\t\t\t<\/div>\n\t\t\t\t\t<\/div>","protected":false},"excerpt":{"rendered":"","protected":false},"author":1,"featured_media":0,"parent":0,"menu_order":0,"comment_status":"closed","ping_status":"closed","template":"elementor_canvas","meta":[],"_links":{"self":[{"href":"https:\/\/www.hotelcoroana.ro\/eng\/wp-json\/wp\/v2\/pages\/3323"}],"collection":[{"href":"https:\/\/www.hotelcoroana.ro\/eng\/wp-json\/wp\/v2\/pages"}],"about":[{"href":"https:\/\/www.hotelcoroana.ro\/eng\/wp-json\/wp\/v2\/types\/page"}],"author":[{"embeddable":true,"href":"https:\/\/www.hotelcoroana.ro\/eng\/wp-json\/wp\/v2\/users\/1"}],"replies":[{"embeddable":true,"href":"https:\/\/www.hotelcoroana.ro\/eng\/wp-json\/wp\/v2\/comments?post=3323"}],"version-history":[{"count":0,"href":"https:\/\/www.hotelcoroana.ro\/eng\/wp-json\/wp\/v2\/pages\/3323\/revisions"}],"wp:attachment":[{"href":"https:\/\/www.hotelcoroana.ro\/eng\/wp-json\/wp\/v2\/media?parent=3323"}],"curies":[{"name":"wp","href":"https:\/\/api.w.org\/{rel}","templated":true}]}}