{"id":3822,"date":"2021-02-08T15:23:43","date_gmt":"2021-02-08T15:23:43","guid":{"rendered":"http:\/\/coroana.happy-media.eu\/?page_id=3822"},"modified":"2021-02-18T17:07:05","modified_gmt":"2021-02-18T17:07:05","slug":"politica-cookie","status":"publish","type":"page","link":"https:\/\/www.hotelcoroana.ro\/eng\/politica-cookie\/","title":{"rendered":"Cookie policy"},"content":{"rendered":"<div data-elementor-type=\"wp-page\" data-elementor-id=\"3822\" data-post-id=\"3822\" data-obj-id=\"3822\" class=\"elementor elementor-3822 dce-elementor-post-3822\" data-elementor-settings=\"[]\">\n\t\t\t\t\t\t<div class=\"elementor-inner\">\n\t\t\t\t\t\t\t<div class=\"elementor-section-wrap\">\n\t\t\t\t\t\t\t<section data-dce-background-color=\"#112436\" data-dce-background-image-url=\"https:\/\/www.hotelcoroana.ro\/wp-content\/uploads\/2021\/02\/Vector-Smart-Object.png\" class=\"elementor-section elementor-top-section elementor-element elementor-element-5a054521 elementor-section-content-middle elementor-section-boxed elementor-section-height-default elementor-section-height-default\" data-id=\"5a054521\" data-element_type=\"section\" data-settings=\"{&quot;background_background&quot;:&quot;classic&quot;}\">\n\t\t\t\t\t\t<div class=\"elementor-container elementor-column-gap-default\">\n\t\t\t\t\t\t\t<div class=\"elementor-row\">\n\t\t\t\t\t<div class=\"elementor-column elementor-col-100 elementor-top-column elementor-element elementor-element-45bc6e80\" data-id=\"45bc6e80\" data-element_type=\"column\">\n\t\t\t<div class=\"elementor-column-wrap elementor-element-populated\">\n\t\t\t\t\t\t\t<div class=\"elementor-widget-wrap\">\n\t\t\t\t\t\t<div class=\"elementor-element elementor-element-1f25400c dce_masking-none elementor-widget elementor-widget-image\" data-id=\"1f25400c\" data-element_type=\"widget\" data-widget_type=\"image.default\">\n\t\t\t\t<div class=\"elementor-widget-container\">\n\t\t\t\t\t\t\t\t<div class=\"elementor-image\">\n\t\t\t\t\t\t\t\t\t\t\t\t<img width=\"156\" height=\"78\" src=\"https:\/\/www.hotelcoroana.ro\/wp-content\/uploads\/2020\/12\/logo-footer.png\" class=\"attachment-large size-large\" alt=\"\" loading=\"lazy\" \/>\t\t\t\t\t\t\t\t\t\t\t\t\t\t<\/div>\n\t\t\t\t\t\t<\/div>\n\t\t\t\t<\/div>\n\t\t\t\t<div class=\"elementor-element elementor-element-b34fbcb elementor-widget elementor-widget-heading\" data-id=\"b34fbcb\" data-element_type=\"widget\" data-widget_type=\"heading.default\">\n\t\t\t\t<div class=\"elementor-widget-container\">\n\t\t\t<h2 class=\"elementor-heading-title elementor-size-default\">Cookie policy<\/h2>\t\t<\/div>\n\t\t\t\t<\/div>\n\t\t\t\t<div class=\"elementor-element elementor-element-295c7557 elementor-widget elementor-widget-heading\" data-id=\"295c7557\" data-element_type=\"widget\" data-widget_type=\"heading.default\">\n\t\t\t\t<div class=\"elementor-widget-container\">\n\t\t\t<h2 class=\"elementor-heading-title elementor-size-default\">This website uses both its own and third-party cookies to provide visitors with a much better browsing experience and services tailored to each other's needs and interests.<\/h2>\t\t<\/div>\n\t\t\t\t<\/div>\n\t\t\t\t<div class=\"elementor-element elementor-element-45e6f790 elementor-widget elementor-widget-heading\" data-id=\"45e6f790\" data-element_type=\"widget\" data-widget_type=\"heading.default\">\n\t\t\t\t<div class=\"elementor-widget-container\">\n\t\t\t<h2 class=\"elementor-heading-title elementor-size-default\">In accordance with the EU's e-Privacy Directive, in force from 26 May 2012, and with the provisions of Law No 1 of the European Parliament and of the Council, the Council adopted a directive on the implementation of the Treaty on European Union and the Provisions of the European Parliament and of the Council of 26 May 2012 on the protection of the rights of the Member Regulation. 506 of 17 November 2004 on the processing of personal data and the protection of privacy in the electronic communications sector, all visitors to the website are required to consent before the transmission of cookies on their computers.<\/h2>\t\t<\/div>\n\t\t\t\t<\/div>\n\t\t\t\t<div class=\"elementor-element elementor-element-31499a8c elementor-widget elementor-widget-heading\" data-id=\"31499a8c\" data-element_type=\"widget\" data-widget_type=\"heading.default\">\n\t\t\t\t<div class=\"elementor-widget-container\">\n\t\t\t<h2 class=\"elementor-heading-title elementor-size-default\">1. What is a cookie?<\/h2>\t\t<\/div>\n\t\t\t\t<\/div>\n\t\t\t\t<div class=\"elementor-element elementor-element-7d3a5674 elementor-widget elementor-widget-heading\" data-id=\"7d3a5674\" data-element_type=\"widget\" data-widget_type=\"heading.default\">\n\t\t\t\t<div class=\"elementor-widget-container\">\n\t\t\t<h2 class=\"elementor-heading-title elementor-size-default\">An \"Internet Cookie\" (also known as \"browser cookie\", \"HTTP cookie\" or simply \"cookie\") is a small file, consisting of letters and numbers, that will be stored on the computer, mobile terminal or other equipment of a user from whom the Internet is accessed. The cookie is installed by the request issued by a web-server to a browser (e.g. Internet Explorer, Chrome) and is completely \"passive\" (does not contain software, viruses or spyware and cannot access the information on the user's hard drive).<\/h2>\t\t<\/div>\n\t\t\t\t<\/div>\n\t\t\t\t<div class=\"elementor-element elementor-element-ee7410a elementor-widget elementor-widget-heading\" data-id=\"ee7410a\" data-element_type=\"widget\" data-widget_type=\"heading.default\">\n\t\t\t\t<div class=\"elementor-widget-container\">\n\t\t\t<h2 class=\"elementor-heading-title elementor-size-default\">2. Purpose and use of cookies:<\/h2>\t\t<\/div>\n\t\t\t\t<\/div>\n\t\t\t\t<div class=\"elementor-element elementor-element-738d9c36 elementor-widget elementor-widget-heading\" data-id=\"738d9c36\" data-element_type=\"widget\" data-widget_type=\"heading.default\">\n\t\t\t\t<div class=\"elementor-widget-container\">\n\t\t\t<h2 class=\"elementor-heading-title elementor-size-default\">Cookies play an important role in facilitating access and delivery of the many services that the user enjoys on the Internet, such as:<\/h2>\t\t<\/div>\n\t\t\t\t<\/div>\n\t\t\t\t<div class=\"elementor-element elementor-element-c1c19fc elementor-widget elementor-widget-heading\" data-id=\"c1c19fc\" data-element_type=\"widget\" data-widget_type=\"heading.default\">\n\t\t\t\t<div class=\"elementor-widget-container\">\n\t\t\t<h2 class=\"elementor-heading-title elementor-size-default translation-block\">\u2022 Customize certain settings such as:<br>\n\u2013 the language in which a site is viewed;<br>\n\u2013 the currency in which certain prices or tariffs are expressed,<br>\n\u2013 Accessing old preferences by accessing the \"Forward\" and \"Back\" button.<br>\nCookies provide site owners with feedback on how their sites are used by users so that they can make them even more efficient and accessible to users;<br>\n\u2022 Allow multimedia or other applications from other sites to be included in a specific site to create a more valuable, useful and enjoyable browsing experience;<br>\n\u2022 Improve the efficiency of online advertising.<\/h2>\t\t<\/div>\n\t\t\t\t<\/div>\n\t\t\t\t<div class=\"elementor-element elementor-element-7af78994 elementor-widget elementor-widget-heading\" data-id=\"7af78994\" data-element_type=\"widget\" data-widget_type=\"heading.default\">\n\t\t\t\t<div class=\"elementor-widget-container\">\n\t\t\t<h2 class=\"elementor-heading-title elementor-size-default\">3. What are the advantages of cookies?<\/h2>\t\t<\/div>\n\t\t\t\t<\/div>\n\t\t\t\t<div class=\"elementor-element elementor-element-5db4e56 elementor-widget elementor-widget-heading\" data-id=\"5db4e56\" data-element_type=\"widget\" data-widget_type=\"heading.default\">\n\t\t\t\t<div class=\"elementor-widget-container\">\n\t\t\t<h2 class=\"elementor-heading-title elementor-size-default\">A cookie contains information that links a web browser (user) to a specific web-server (website). If a browser accesses that web-server again, it can read the information already stored and react accordingly. Cookies provide users with a pleasant browsing experience and support the efforts of many websites to provide comfortable services to users: e.g. online privacy preferences, website language options, or relevant advertising.<\/h2>\t\t<\/div>\n\t\t\t\t<\/div>\n\t\t\t\t<div class=\"elementor-element elementor-element-4efe8593 elementor-widget elementor-widget-heading\" data-id=\"4efe8593\" data-element_type=\"widget\" data-widget_type=\"heading.default\">\n\t\t\t\t<div class=\"elementor-widget-container\">\n\t\t\t<h2 class=\"elementor-heading-title elementor-size-default\">4. What is the lifetime of a cookie?<\/h2>\t\t<\/div>\n\t\t\t\t<\/div>\n\t\t\t\t<div class=\"elementor-element elementor-element-58a0198c elementor-widget elementor-widget-heading\" data-id=\"58a0198c\" data-element_type=\"widget\" data-widget_type=\"heading.default\">\n\t\t\t\t<div class=\"elementor-widget-container\">\n\t\t\t<h2 class=\"elementor-heading-title elementor-size-default\">Cookies are managed by webservers. The lifetime of a cookie may vary significantly, depending on the purpose for which it is placed. Some cookies are used exclusively for a single session (session cookies) and are no longer retained once the user has left the website, while other cookies are retained and reused each time the user returns to that website ('persistent cookies'). However, cookies can be deleted by a user at any time through browser settings.<\/h2>\t\t<\/div>\n\t\t\t\t<\/div>\n\t\t\t\t<div class=\"elementor-element elementor-element-7ed2259c elementor-widget elementor-widget-heading\" data-id=\"7ed2259c\" data-element_type=\"widget\" data-widget_type=\"heading.default\">\n\t\t\t\t<div class=\"elementor-widget-container\">\n\t\t\t<h2 class=\"elementor-heading-title elementor-size-default\">5. What are third-party cookies?\n<\/h2>\t\t<\/div>\n\t\t\t\t<\/div>\n\t\t\t\t<div class=\"elementor-element elementor-element-7a69cc50 elementor-widget elementor-widget-heading\" data-id=\"7a69cc50\" data-element_type=\"widget\" data-widget_type=\"heading.default\">\n\t\t\t\t<div class=\"elementor-widget-container\">\n\t\t\t<h2 class=\"elementor-heading-title elementor-size-default\">Certain sections of content on some sites may be provided through third parties\/providers (e.g. news-box, a video or an advertisement). These third parties may place cookies through another website and they are called \"third party cookies\" because they are not placed by the owner of that website. Third-party providers must also comply with applicable law and the privacy policies of the site owner.<\/h2>\t\t<\/div>\n\t\t\t\t<\/div>\n\t\t\t\t<div class=\"elementor-element elementor-element-08408b9 elementor-widget elementor-widget-heading\" data-id=\"08408b9\" data-element_type=\"widget\" data-widget_type=\"heading.default\">\n\t\t\t\t<div class=\"elementor-widget-container\">\n\t\t\t<h2 class=\"elementor-heading-title elementor-size-default\">These cookies may come from the following third parties: facebook.com, twitter.com, etc.<\/h2>\t\t<\/div>\n\t\t\t\t<\/div>\n\t\t\t\t<div class=\"elementor-element elementor-element-8b848b1 elementor-widget elementor-widget-heading\" data-id=\"8b848b1\" data-element_type=\"widget\" data-widget_type=\"heading.default\">\n\t\t\t\t<div class=\"elementor-widget-container\">\n\t\t\t<h2 class=\"elementor-heading-title elementor-size-default\">6. How cookies are used by the website<\/h2>\t\t<\/div>\n\t\t\t\t<\/div>\n\t\t\t\t<div class=\"elementor-element elementor-element-27ed6eec elementor-widget elementor-widget-heading\" data-id=\"27ed6eec\" data-element_type=\"widget\" data-widget_type=\"heading.default\">\n\t\t\t\t<div class=\"elementor-widget-container\">\n\t\t\t<h2 class=\"elementor-heading-title elementor-size-default translation-block\">A visit to the website may place cookies for the purposes of:<br>\n\u2022 increase the performance of the website;<br>\n\u2022 visitor analysis;<br>\n\u2022 geotargetting;<br>\n\u2022 user registration.<\/h2>\t\t<\/div>\n\t\t\t\t<\/div>\n\t\t\t\t<div class=\"elementor-element elementor-element-337729 elementor-widget elementor-widget-heading\" data-id=\"337729\" data-element_type=\"widget\" data-widget_type=\"heading.default\">\n\t\t\t\t<div class=\"elementor-widget-container\">\n\t\t\t<h2 class=\"elementor-heading-title elementor-size-default\">7. Other third-party cookies\n<\/h2>\t\t<\/div>\n\t\t\t\t<\/div>\n\t\t\t\t<div class=\"elementor-element elementor-element-4b22c746 elementor-widget elementor-widget-heading\" data-id=\"4b22c746\" data-element_type=\"widget\" data-widget_type=\"heading.default\">\n\t\t\t\t<div class=\"elementor-widget-container\">\n\t\t\t<h2 class=\"elementor-heading-title elementor-size-default\">On some pages, third parties may set their own anonymous cookies in order to track the success of an application or to customize an application. Due to the way in which the website is used, it cannot access these cookies, just as third parties cannot access the cookies held by that website. For example, when the user distributes an article using the social networks button on a website, that social network will record the user's activity, not the website on which the button is located.<\/h2>\t\t<\/div>\n\t\t\t\t<\/div>\n\t\t\t\t<div class=\"elementor-element elementor-element-2eebe766 elementor-widget elementor-widget-heading\" data-id=\"2eebe766\" data-element_type=\"widget\" data-widget_type=\"heading.default\">\n\t\t\t\t<div class=\"elementor-widget-container\">\n\t\t\t<h2 class=\"elementor-heading-title elementor-size-default\">8. What type of information is stored and accessed through cookies?<\/h2>\t\t<\/div>\n\t\t\t\t<\/div>\n\t\t\t\t<div class=\"elementor-element elementor-element-71469336 elementor-widget elementor-widget-heading\" data-id=\"71469336\" data-element_type=\"widget\" data-widget_type=\"heading.default\">\n\t\t\t\t<div class=\"elementor-widget-container\">\n\t\t\t<h2 class=\"elementor-heading-title elementor-size-default\">Cookies are the focal point of the efficient functioning of the Internet, helping to generate a user-friendly browsing experience tailored to each user's preferences and interests. Refusing or disabling cookies may make some websites unusable. Refusing or disabling cookies does not mean that the user will no longer receive online advertising \u2013 it only means that they will no longer be able to take into account the user's preferences and interests, highlighted by their browsing behavior.<br>\nExamples of important uses of cookies (which do not require user authentication through an account):<br>\n\u2022     content and services tailored to the user's preferences \u2013 categories of news, weather, sports, maps, public and government services, fun websites and travel services;<br>\n\u2022 offers tailored to users' interests \u2013 retention of passwords, language preferences (e.g. displaying search results in Romanian language)<br>\n\u2022 withholding child protection filters on Internet content (family mode options, safe search functions);<br>\n\u2022  measurement, optimization and features of analytics \u2013 such as: confirmation of a certain level of traffic on a website, what type of content is viewed and how a user arrives on a website (e.g. through search engines, directly, from other websites, etc.). Website owners conduct these analyses to improve websites for the benefit of users.\n<\/h2>\t\t<\/div>\n\t\t\t\t<\/div>\n\t\t\t\t<div class=\"elementor-element elementor-element-986736a elementor-widget elementor-widget-heading\" data-id=\"986736a\" data-element_type=\"widget\" data-widget_type=\"heading.default\">\n\t\t\t\t<div class=\"elementor-widget-container\">\n\t\t\t<h2 class=\"elementor-heading-title elementor-size-default\">9. Security and privacy issues<\/h2>\t\t<\/div>\n\t\t\t\t<\/div>\n\t\t\t\t<div class=\"elementor-element elementor-element-c8de6eb elementor-widget elementor-widget-heading\" data-id=\"c8de6eb\" data-element_type=\"widget\" data-widget_type=\"heading.default\">\n\t\t\t\t<div class=\"elementor-widget-container\">\n\t\t\t<h2 class=\"elementor-heading-title elementor-size-default\">Cookies are NOT viruses! They use plain text formats. They're not made up of pieces of code, so they can't be executed, nor can they run automatically. Therefore, you cannot duplicate or replicate on other networks to run or replicate again. Because of the fact that they cannot perform these functions, they cannot be considered viruses. Cookies can, however, be used for negative purposes. Because it stores information about users' preferences and browsing history, both on a particular website and on other websites, cookies can be used as a form of spyware. Many anti-spyware products are aware of this fact and consistently mark cookies to be deleted as part of anti-virus\/anti-spyware removal\/scanning procedures. In general, browsers have built-in privacy settings that provide different levels of cookie acceptance, shelf life, and automatic deletion after the user has visited a particular site.<\/h2>\t\t<\/div>\n\t\t\t\t<\/div>\n\t\t\t\t<div class=\"elementor-element elementor-element-b8432c1 elementor-widget elementor-widget-heading\" data-id=\"b8432c1\" data-element_type=\"widget\" data-widget_type=\"heading.default\">\n\t\t\t\t<div class=\"elementor-widget-container\">\n\t\t\t<h2 class=\"elementor-heading-title elementor-size-default\">10. Other cookies \u2013 related security issues<\/h2>\t\t<\/div>\n\t\t\t\t<\/div>\n\t\t\t\t<div class=\"elementor-element elementor-element-78803ca elementor-widget elementor-widget-heading\" data-id=\"78803ca\" data-element_type=\"widget\" data-widget_type=\"heading.default\">\n\t\t\t\t<div class=\"elementor-widget-container\">\n\t\t\t<h2 class=\"elementor-heading-title elementor-size-default\">Since identity protection is very valuable and represents the right of every Internet user, it is advisable to know what problems cookies may create.<\/h2>\t\t<\/div>\n\t\t\t\t<\/div>\n\t\t\t\t<div class=\"elementor-element elementor-element-0232f09 elementor-widget elementor-widget-heading\" data-id=\"0232f09\" data-element_type=\"widget\" data-widget_type=\"heading.default\">\n\t\t\t\t<div class=\"elementor-widget-container\">\n\t\t\t<h2 class=\"elementor-heading-title elementor-size-default\">Because information is constantly transmitted in both directions between the browser and the website, if an attacker or unauthorized person interferes with the transmission of the data, the information contained in the cookie may be intercepted. Although very rarely, this can happen if the browser connects to the server using an unencrypted network (e.g. an unsecured WiFi network).<\/h2>\t\t<\/div>\n\t\t\t\t<\/div>\n\t\t\t\t<div class=\"elementor-element elementor-element-779edf9 elementor-widget elementor-widget-heading\" data-id=\"779edf9\" data-element_type=\"widget\" data-widget_type=\"heading.default\">\n\t\t\t\t<div class=\"elementor-widget-container\">\n\t\t\t<h2 class=\"elementor-heading-title elementor-size-default\">Other cookie-based attacks involve mis-adjusting cookies on webservers. If a website does not require the browser to use only encrypted channels, attackers can use this vulnerability to trick browsers into sending information through unsecured channels. Attackers then use the information to unauthorizedly access certain sites.<\/h2>\t\t<\/div>\n\t\t\t\t<\/div>\n\t\t\t\t<div class=\"elementor-element elementor-element-4cfea45 elementor-widget elementor-widget-heading\" data-id=\"4cfea45\" data-element_type=\"widget\" data-widget_type=\"heading.default\">\n\t\t\t\t<div class=\"elementor-widget-container\">\n\t\t\t<h2 class=\"elementor-heading-title elementor-size-default\">It is very important that users be careful in choosing the most appropriate method of protecting their personal information.<\/h2>\t\t<\/div>\n\t\t\t\t<\/div>\n\t\t\t\t<div class=\"elementor-element elementor-element-4dd869a elementor-widget elementor-widget-heading\" data-id=\"4dd869a\" data-element_type=\"widget\" data-widget_type=\"heading.default\">\n\t\t\t\t<div class=\"elementor-widget-container\">\n\t\t\t<h2 class=\"elementor-heading-title elementor-size-default\">11. Tips for safe and responsible cookie-based browsing<\/h2>\t\t<\/div>\n\t\t\t\t<\/div>\n\t\t\t\t<div class=\"elementor-element elementor-element-9130936 elementor-widget elementor-widget-heading\" data-id=\"9130936\" data-element_type=\"widget\" data-widget_type=\"heading.default\">\n\t\t\t\t<div class=\"elementor-widget-container\">\n\t\t\t<h2 class=\"elementor-heading-title elementor-size-default\">Due to their flexibility and the fact that most of the most visited websites, including the largest ones, use cookies, they are almost inevitable. Disabling cookies will not allow the user access to the most widely used sites, including: Facebook, Twitter, YouTube, Gmail, Yahoo and others.<\/h2>\t\t<\/div>\n\t\t\t\t<\/div>\n\t\t\t\t<div class=\"elementor-element elementor-element-76e9dd2 elementor-widget elementor-widget-heading\" data-id=\"76e9dd2\" data-element_type=\"widget\" data-widget_type=\"heading.default\">\n\t\t\t\t<div class=\"elementor-widget-container\">\n\t\t\t<h2 class=\"elementor-heading-title elementor-size-default\">Here are some tips that can make sure you browse without worry, but with cookies:<\/h2>\t\t<\/div>\n\t\t\t\t<\/div>\n\t\t\t\t<div class=\"elementor-element elementor-element-bd18163 elementor-widget elementor-widget-heading\" data-id=\"bd18163\" data-element_type=\"widget\" data-widget_type=\"heading.default\">\n\t\t\t\t<div class=\"elementor-widget-container\">\n\t\t\t<h2 class=\"elementor-heading-title elementor-size-default translation-block\">\u2022 If you don't mind cookies and you're the only person using your computer, you can set long expiration times for storing your browsing history and personal access data;<br>\n\u2022 If you share access to your computer, you can consider adjusting your browser to delete individual browsing data each time you close your browser. This is a way to access websites that place cookies and delete any visitation information at the end of the browsing session;<br>\n\u2022 Install and constantly update your antispyware applications. Many spyware detection and prevention applications include detecting attacks on sites. This prevents the browser from accessing websites that could exploit browser vulnerabilities or download dangerous software;<br>\n\u2022 Make sure your browser is always up to date. Many cookie-based attacks are carried out by exploiting the weaknesses of old versions of browsers.<br><br>\nCookies are everywhere and cannot be avoided, especially if you want to enjoy access to the best and largest sites on the Internet \u2013 local or international. With a clear understanding of how they operate and the benefits they bring, you can take the necessary security measures, so you can browse the Internet with confidence.\n<br><br>\nWhat do you do if you don't want cookies installed on your computer?\nThere are persons for whom the storage of information extracted from their computer or mobile device is relatively invasive, especially when the information in question is stored and used by third parties they don\u2019t know. If you prefer, you can block all cookies or just some of them or even remove cookies that have been installed on your terminal. However, be aware that you may not be able to use certain features. To enable this blockage, you must change your browser's privacy parameters. Some third-party operators have developed tools whose modules enable data collection and use to be disabled. Disabling and refusing to receive cookies may make certain sites impractical or difficult to visit and use. Also, refusing to accept cookies does not mean that the user will no longer receive\/see online advertising.\nYou can adjust in your browser to stop these cookies from being accepted or accept cookies from a specific website. But, for example, if a user is not registered using cookies, they will not be able to leave comments. All modern browsers offer the possibility to change cookie settings.\n<br><br>\nThese settings are usually found in the browser's \"Options\", \"Adjustments\", or \"Preferences\" menus (buttons).<\/h2>\t\t<\/div>\n\t\t\t\t<\/div>\n\t\t\t\t\t\t<\/div>\n\t\t\t\t\t<\/div>\n\t\t<\/div>\n\t\t\t\t\t\t\t\t<\/div>\n\t\t\t\t\t<\/div>\n\t\t<\/section>\n\t\t\t\t\t\t<\/div>\n\t\t\t\t\t\t<\/div>\n\t\t\t\t\t<\/div>","protected":false},"excerpt":{"rendered":"<p>Politic\u0103 cookie Acest website foloseste at\u00e2t cookie-uri proprii, c\u00e2t \u015fi de la ter\u0163i, pentru a furniza vizitatorilor o experien\u0163\u0103 mult mai bun\u0103 de navigare \u015fi servicii adaptate nevoilor \u015fi interesului fiec\u0103ruia. \u00cen conformitate cu Directiva \u201ee-Intimitate\u201d a UE, \u00een vigoare de la 26 mai 2012 \u015fi cu prevederile Legii nr. 506 din 17 noiembrie 2004 [&hellip;]<\/p>","protected":false},"author":1,"featured_media":0,"parent":0,"menu_order":0,"comment_status":"closed","ping_status":"closed","template":"elementor_canvas","meta":[],"_links":{"self":[{"href":"https:\/\/www.hotelcoroana.ro\/eng\/wp-json\/wp\/v2\/pages\/3822"}],"collection":[{"href":"https:\/\/www.hotelcoroana.ro\/eng\/wp-json\/wp\/v2\/pages"}],"about":[{"href":"https:\/\/www.hotelcoroana.ro\/eng\/wp-json\/wp\/v2\/types\/page"}],"author":[{"embeddable":true,"href":"https:\/\/www.hotelcoroana.ro\/eng\/wp-json\/wp\/v2\/users\/1"}],"replies":[{"embeddable":true,"href":"https:\/\/www.hotelcoroana.ro\/eng\/wp-json\/wp\/v2\/comments?post=3822"}],"version-history":[{"count":0,"href":"https:\/\/www.hotelcoroana.ro\/eng\/wp-json\/wp\/v2\/pages\/3822\/revisions"}],"wp:attachment":[{"href":"https:\/\/www.hotelcoroana.ro\/eng\/wp-json\/wp\/v2\/media?parent=3822"}],"curies":[{"name":"wp","href":"https:\/\/api.w.org\/{rel}","templated":true}]}}